{"id":34,"date":"2021-10-20T23:24:16","date_gmt":"2021-10-20T21:24:16","guid":{"rendered":"https:\/\/prod-clubblog.magiclife.plusline.net\/?page_id=34"},"modified":"2021-11-03T16:44:17","modified_gmt":"2021-11-03T15:44:17","slug":"impressum","status":"publish","type":"page","link":"https:\/\/www.magiclife.com\/magazine\/impressum\/","title":{"rendered":"Impressum"},"content":{"rendered":"\n<div class=\"wp-block-columns is-layout-flex wp-container-core-columns-is-layout-9d6595d7 wp-block-columns-is-layout-flex\">\n<div class=\"wp-block-column is-layout-flow wp-block-column-is-layout-flow\">\n<p>Robinson Club GmbH<br>Karl-Wiechert-Allee 4&nbsp;<br>30625 Hannover, Germany<\/p>\n\n\n\n<h3 class=\"wp-block-heading\">Gesch\u00e4ftsf\u00fchrung<\/h3>\n\n\n\n<p>Bernd M\u00e4ser (Sprecher\/Spokesman), Tobias Neumann<\/p>\n\n\n\n<h3 class=\"wp-block-heading\">Handelsregister<\/h3>\n\n\n\n<p>Amtsgericht Hannover, HRB 54346<br>UST-ID: DE114 206 354<\/p>\n<\/div>\n\n\n\n<div class=\"wp-block-column is-layout-flow wp-block-column-is-layout-flow\">\n<h3 class=\"wp-block-heading\">Kontakt f\u00fcr Fragen zu Online-Buchungen:<\/h3>\n\n\n\n<p><strong>F\u00fcr Kunden aus Deutschland gilt:<\/strong><\/p>\n\n\n\n<p>Telefon: 0511 567 8670<br>E-Mail:&nbsp;<a href=\"mailto:info@magiclife.com\">info@magiclife.com<\/a><\/p>\n\n\n\n<p><strong>F\u00fcr Kunden aus \u00d6sterreich gilt:<\/strong>&nbsp;<\/p>\n\n\n\n<p>Telefon: 0049&nbsp;511 567 8670<br>E-Mail:&nbsp;<a href=\"mailto:info@magiclife.com\">info@magiclife.com<\/a><\/p>\n\n\n\n<p><strong>F\u00fcr Kunden aus der Schweiz gilt:<\/strong><\/p>\n\n\n\n<p>Telefon: 0848 121221<\/p>\n\n\n\n<p>E-Mail:&nbsp;<a href=\"mailto:internet.travelshop@tui.ch\">internet.travelshop@tui.ch<\/a><\/p>\n\n\n\n<h3 class=\"wp-block-heading\">Kontakt f\u00fcr alle weiteren Fragen:<\/h3>\n\n\n\n<p>Bitte benutzen Sie das TUI MAGIC LIFE\u00a0<a href=\"\/kontakt\/\" data-type=\"page\">Kontaktformular<\/a>.<\/p>\n<\/div>\n<\/div>\n","protected":false},"excerpt":{"rendered":"<p>Robinson Club GmbHKarl-Wiechert-Allee 4&nbsp;30625 Hannover, Germany Gesch\u00e4ftsf\u00fchrung Bernd M\u00e4ser (Sprecher\/Spokesman), Tobias Neumann Handelsregister Amtsgericht Hannover, HRB 54346UST-ID: DE114 206 354 [&hellip;]<\/p>\n","protected":false},"author":1,"featured_media":0,"parent":0,"menu_order":0,"comment_status":"closed","ping_status":"closed","template":"","meta":{"_acf_changed":false,"footnotes":""},"class_list":["post-34","page","type-page","status-publish","hentry"],"acf":[],"_links":{"self":[{"href":"https:\/\/www.magiclife.com\/magazine\/wp-json\/wp\/v2\/pages\/34","targetHints":{"allow":["GET"]}}],"collection":[{"href":"https:\/\/www.magiclife.com\/magazine\/wp-json\/wp\/v2\/pages"}],"about":[{"href":"https:\/\/www.magiclife.com\/magazine\/wp-json\/wp\/v2\/types\/page"}],"author":[{"embeddable":true,"href":"https:\/\/www.magiclife.com\/magazine\/wp-json\/wp\/v2\/users\/1"}],"replies":[{"embeddable":true,"href":"https:\/\/www.magiclife.com\/magazine\/wp-json\/wp\/v2\/comments?post=34"}],"version-history":[{"count":0,"href":"https:\/\/www.magiclife.com\/magazine\/wp-json\/wp\/v2\/pages\/34\/revisions"}],"wp:attachment":[{"href":"https:\/\/www.magiclife.com\/magazine\/wp-json\/wp\/v2\/media?parent=34"}],"curies":[{"name":"wp","href":"https:\/\/api.w.org\/{rel}","templated":true}]}}